{"id":2968,"date":"2022-06-17T12:45:00","date_gmt":"2022-06-17T10:45:00","guid":{"rendered":"https:\/\/www.torrevado.info\/news\/?page_id=2968"},"modified":"2022-10-25T12:55:30","modified_gmt":"2022-10-25T10:55:30","slug":"le-giornate-fai-in-puglia-riscoprire-il-salento","status":"publish","type":"page","link":"https:\/\/www.torrevado.info\/news\/index.php\/le-giornate-fai-in-puglia-riscoprire-il-salento","title":{"rendered":"Le giornate FAI in Puglia: riscoprire e tutelare i monumenti nascosti del Salento"},"content":{"rendered":"\n<p>Con l\u2019arrivo della primavera e dell\u2019autunno hanno luogo gli incontri e le iniziative legate alle Giornate FAI. Due momenti dell\u2019anno in cui la prestigiosa fondazione incontra gli italiani e si ritrova da Nord a Sud della penisola, nei palazzi e nelle chiese ed in centinaia di monumenti e luoghi difficilmente accessibili.   <\/p>\n\n\n\n<p>\n  Le Giornate FAI non si caratterizzano  solo per la ricchezza degli incontri e delle iniziative legate agli eventi. La sua forza sta anche e soprattutto nell\u2019entusiasmante coinvolgimento di tutti, nella capacit\u00e0 di far sentire chi vi partecipa non un visitatore occasionale, ma un testimone e un protagonista dell\u2019azione di <strong>salvaguardia<\/strong> e <strong>difesa dell\u2019arte<\/strong> e della natura italiane.\n<\/p>\n\n\n\n<p>\n  Proprio per questo l\u2019invito che la Fondazione rivolge a tutti coloro che parteciperanno a questa edizione della Giornata FAI \u00e8 semplice e diretto: \u201c<strong>FAI anche tu\u201d. Proprio come il FAI, difendi, partecipa e contribuisci concretamente<\/strong> &#8211; con l\u2019iscrizione, con una donazione, con un atto di volontariato &#8211; a questo grande movimento.\n<\/p>\n\n\n\n<h2 class=\"wp-block-heading\">Cosa \u00e8 il FAI? <\/h2>\n\n\n\n<p>\n  Il FAI \u00e8 il Fondo Ambiente Italiano, una fondazione senza scopo di lucro,  nata nel 1975 allo scopo di tutelare e valorizzare il patrimonio storico, paesaggistico e artistico italiano che riceve in concessione o in donazione.  Un modo per riscoprire e tutelare un patrimonio culturale e paesaggistico non consueto e di mettere il bene stesso \u201cin relazione con la propria storia ed il contesto in cui si trova\u201d. \n<\/p>\n\n\n\n<p>   Dagli anni della sua fondazione ad oggi, il FAI ha ampliato il proprio patrimonio diventando una realt\u00e0 importantissima nel panorama dell\u2019offerta culturale dell\u2019intero territorio italiano.  <\/p>\n\n\n\n<h3 class=\"wp-block-heading\">I beni FAI  e iniziative delle giornate FAI in Puglia<\/h3>\n\n\n\n<p>\n  Nel corso delle varie edizioni delle giornate FAI, la Puglia ha avuto come protagonisti tra gli altri anche molte chiese,  monumenti e luoghi di interesse che diversamente non avremmo mai potuto apprezzare.\n<\/p>\n\n\n\n<p><strong>Barletta <\/strong>\n<\/p>\n\n\n\n<p>\n  La <strong>Chiesa del Real Monte di Piet\u00e0<\/strong> e le<strong> Sette Rue nel Centro Storico di Barletta<\/strong>, \u00e8 un bene normalmente chiuso al pubblico. Si tratta di una chiesa monumentale di chiara impronta barocca, riccamente arredata e inserita in un pregevole contesto del centro storico di Barletta. A pochi passi si trova la prestigiosa sede di Palazzo Della Marra attuale sede della Civica Pinacoteca De Nittis.\n<\/p>\n\n\n\n<p><strong>Le Sette Rue nel Centro Storico di Barletta<\/strong>*\n<\/p>\n\n\n\n<p>\n  Si tratta di un particolare reticolo stradale che abbraccia una parte significativa del quartiere e si sviluppa \u201ca pettine\u201d inquadrandosi fra Via Cialdini (ex Strada delle Carrozze) e Corso Vittorio Emanuele (ex Strada Ferdinandea) in maniera longitudinale. Significativa la presenza di abitazioni patrizie e fabbricati popolari, tracce di antiche botteghe artigiane, ed una toponomastica con la popolare denominazione unitaria \u201calla francese\u201d evidenzia ciascuna strada associandone il nome antico a quello originario. \n<\/p>\n\n\n\n<p>\n  Le Sette Rue nel Centro Storico di Barletta*\n<\/p>\n\n\n\n<p>\n  Via Nazareth, Via Samuelli, Via Mariano Sante, Via Fraggianni, Via Municipio, Via San Ruggiero, Via Nanula, Via Santa Marta\n<\/p>\n\n\n\n<p><strong>Ascoli Satriano (FG)<\/strong>\n<\/p>\n\n\n\n<p>\n  Villa di Faragola \u00e8 stata definita la <strong>\u201cPiazza Armerina di Puglia\u201d<\/strong> per i suoi caratteri di eccezionalit\u00e0. L\u2019area di Faragola ebbe un\u2019occupazione lunga pi\u00f9 di un millennio: in questo sito rurale sono presenti i resti di un abitato di et\u00e0 daunia (IV-III a.C.), di una fattoria di et\u00e0 romana (I a.C.-III d.C.), di una grande villa tardo antica (IV-VI d.C.) e infine di un villaggio di et\u00e0 altomedievale (VII-VIII d.C.). Ma l\u2019elemento di maggior rilievo \u00e8 una residenza aristocratica di et\u00e0 tardoantica, appartenuta a una ricca famiglia di senatori. L\u2019area finora indagata &#8211; pari a una superficie di oltre 3.000mq &#8211; \u00e8 parte di un complesso molto pi\u00f9 vasto, estremamente articolato e di grandi dimensioni. La visita al sito di Faragola potr\u00e0 consentire ai visitatori non solo di conoscere l\u2019aspetto, il significato e il funzionamento di una villa romana, ma anche di far rivivere idealmente una giornata della vita quotidiana in campagna. Gli eventi legati alla giornata Fai comprendono solitamente anche un tour in bicicletta seguendo un percorso. \n<\/p>\n\n\n\n<p>\n  Partenza dalla Stazione FS di Bari, ore 7.30\n<\/p>\n\n\n\n<p>\n  Percorso di 60 km: Dalla stazione FS di Ortanova si raggiunge in bicicletta l&#8217;omonimo abitato e si prosegue direttamente per Ascoli Satriano. Dopo la visita della Villa di Faragola si visiter\u00e0 anche il museo archeologico ed il borgo antico della citt\u00e0. Sulla strada del ritorno, tempo permettendo, si passer\u00e0 per Ordona per una rapida visita del sito dell&#8217;antica Herdoniae. Percorso di media difficolt\u00e0.\n<\/p>\n\n\n\n<p><strong>Cerignola (FG)<\/strong>\n<\/p>\n\n\n\n<p>\n  Il piano delle<strong> fosse granarie di Cerignola<\/strong> \u00e8 l\u2019espressione pi\u00f9 significativa di quella civilt\u00e0 contadina che ha caratterizzato il Tavoliere di Puglia. La Capitanata, l\u2019antica circoscrizione del Regno di Napoli, parte dell\u2019attuale Puglia, conobbe almeno 6.000 anni fa le sue prime fosse granarie. Scavi effettuati nel villaggio neolitico di Passo di Corvo, a circa 12 km da Foggia, in direzione nord-est, rivelarono infatti la presenza di fosse scavate nella roccia contenenti ancora chicchi di frumento che, si pensa, possano risalire al XVI secolo. Questo singolare monumento \u201ca rovescio\u201d \u00e8 ubicato a sud dell\u2019abitato, nella zona denominata Piano San Rocco, e si estende per circa 26.000 mq. L\u00ec sono state realizzate nei secoli le fosse destinate prevalentemente alla conservazione del grano, ma anche di orzo, avena, granturco, mandorle, semi di lino.\n<\/p>\n\n\n\n<p><strong>Lecce<\/strong> <strong>Villa Mellone &#8211; Bene normalmente chiuso al pubblico<\/strong> <\/p>\n\n\n\n<p>\n  Costruita verso la fine del Settecento, questa sontuosa residenza di campagna, nella salubre zona \u201cdella Cupa\u201d, alla periferia di Lecce, \u00e8 significativo esempio di architettura neoclassica in una citt\u00e0 nota soprattutto per il Barocco.\n<\/p>\n\n\n\n<p>\n  Frutto di una radicale trasformazione avvenuta nel 1762, di un precedente complesso masserizio, presenta un impianto rettangolare, si sviluppa su due piani divisi tra sette stanze superiori con galleria e otto inferiori. Presenta una monumentale facciata a doppio ordine, scandita da paraste binate bugnate che inquadrano al piano inferiore il portale d&#8217;ingresso e una serie di alte finestre con timpano curvilineo. Il piano superiore scandito da paraste binate lisce presenta una serie di finestre a timpano triangolare.\n<\/p>\n\n\n\n<p>\n  Le visite guidate accompagnate dagli apprendisti Ciceroni delle scuole secondarie porteranno presso il Complesso Monastico Missionari di San Vincenzo de Paoli, noto come Carcere \u201cli Bob\u00f2\u201d\n<\/p>\n\n\n\n<p>\n  Via Delle Anime e Istituto Marcelline in Viale <a href=\"https:\/\/www.torrevado.info\/news\/index.php\/otranto-la-vacanza-piu-ad-oriente-della-puglia\">Otranto<\/a>. \n<\/p>\n\n\n\n<p><strong>Taranto<\/strong> <strong>Convento di San Francesco (ex Caserma Rossarol) -Bene normalmente<\/strong> <\/p>\n\n\n\n<p><strong>chiuso al pubblico<\/strong>\n<\/p>\n\n\n\n<p>\n  E\u2019 uno dei complessi pi\u00f9 importanti della Citt\u00e0 Vecchia, sia per dimensioni che per pregnanza di stratificazioni storiche e fu fatto costruire dal principe di Taranto Filippo d\u2019Angi\u00f2 intorno al 1300.\n<\/p>\n\n\n\n<p>\n  I Francescani ne fecero la sede del Terzo Ordine della Penitenza e di altre due confraternite: L\u2019Immacolata e Sant\u2019Antonio da Padova. La chiesa era un punto di riferimento e un asilo per tutta la comunit\u00e0, e al suo interno avvennero tre miracoli grazie a una reliquia di Sant\u2019Antonio qui conservata. Durante l\u2019occupazione napoleonica vide la sua trasformazione in magazzino di artiglieria (tra l\u2019altro ospit\u00f2 il celebre scrittore Choderlos de Laclos) e dopo l\u2019Unit\u00e0 d\u2019Italia fu sede del IX Reggimento di Fanteria.\n<\/p>\n\n\n\n<h3 class=\"wp-block-heading\">Eventi legati alle Giornate FAI di Puglia <\/h3>\n\n\n\n<p>\n  Biciclettata in collaborazione con FIAB \u2013 Federazione Italiana Amici della Bicicletta\n<\/p>\n\n\n\n<p>\n  Visita al borgo medievale e al <strong>Palazzo del Barone di Loseto <\/strong>(BA)\n<\/p>\n\n\n\n<p>\n  Partenza da Bari, ingresso del Parco \u201c2 Giugno\u201d, Viale Einaudi, \n<\/p>\n\n\n\n<p>\n  Percorso di 30 km: Partendo da V.le Einaudi seguiremo prima Via G. Petroni e successivamente Via Trisorio Liuzzi per raggiungere Loseto, frazione di Bari, e visitarne il borgo medioevale. Rientreremo quindi lungo lo stesso itinerario. Il percorso \u00e8 interamente cittadino e pianeggiante, adatto anche ai ragazzi.\n<\/p>\n\n\n\n<p><strong>Il borgo di Loseto con <\/strong>la scoperta della \u201cLausetum\u201d medievale e Palazzo del Barone\n<\/p>\n\n\n\n<p><strong>Mesagne (BR), b<\/strong>iciclettata con visita alla Madonna della Mutata e alla Chiesa dei Paolotti (Convento di San Francesco di Paola) di Grottaglie (TA)\n<\/p>\n\n\n\n<p>\n  Percorso di 30 km: Il percorso non presenta particolari difficolt\u00e0 se non per il tratto in salita che presenta un dislivello di circa 150m su una distanza di circa 10Km. In base al tempo e alle condizioni meteo pu\u00f2 esserci una variante di 4Km su sterrato che permette di visitare la <strong>Gravina di<\/strong> Riggio con i suoi insediamenti rupestri.\n<\/p>\n\n\n\n<p><strong>Foggia, luogo di chiese, palazzi e misteri degli ipogei<\/strong>\n<\/p>\n\n\n\n<p>\n  Ipogeo di San Domenico, Via San Domenico, 25\n<\/p>\n\n\n\n<p>\n  Palazzo Buongiorno e Piazza Purgatorio \n<\/p>\n\n\n\n<p><strong>Bovino (FG)<\/strong>\n<\/p>\n\n\n\n<p>\n  Alla scoperta del fascino dell\u2019antichit\u00e0 e del medioevo percorrendo le vie del Borgo Antico di Bovino fino a Porta Maggiore (arco di fuori la Porta) posto alla sommit\u00e0 di Corso Vittorio Emanuele, visita alla Basilica Cattedrale, Piazza Duomo, Castello o Palazzo Ducale dei Guevara e Museo Diocesano, Via Castello, Museo Civico, Piazza Marino Boffa, Chiesa di San Pietro\n<\/p>\n\n\n\n<p>\n  Via San Pietro\n<\/p>\n\n\n\n<p><strong>Monte Sant\u2019Angelo (FG)<\/strong>\n<\/p>\n\n\n\n<p>\n  Italia Langobardorum \u2013 Centri di potere e di culto (568-774 d.C.)\n<\/p>\n\n\n\n<p>\n  Candidatura italiana 2008 \u2013 WORLD HERITAGE LIST UNESCO\n<\/p>\n\n\n\n<p>\n  Basilica Santuario San Michele e Via Reale Basilica s.c., Museo Devozionale della Basilica di San Michele, Museo delle Arti e Tradizioni Popolari del Gargano Giovanni Tancredi\n<\/p>\n\n\n\n<p>\n  Piazza San Francesco\n<\/p>\n\n\n\n<p><strong>Castromediano Cavallino (LE)<\/strong>\n<\/p>\n\n\n\n<p>\n  Biciclettata da Piazza Roma si raggiunge il vicino Istituto Marcelline. Ultimata la visita, dopo aver riattraversato Piazza Roma e percorso v.le Lo Re, v. Duca Degli Abruzzi, v. B.Cairoli, v.le <a href=\"https:\/\/www.torrevado.info\/news\/index.php\/una-vacanza-a-gallipoli-tra-spiagge-natura-e-storia\">Gallipoli<\/a>, v. D.De Angelis e v. Birago, arriveremo al Complesso Monastico dei Missionari di San Vincenzo de&#8217; Paoli, ove concluderemo il programma delle visite antimeridiane. \n<\/p>\n\n\n\n<p>\n  Dopo un pranzo frugale in trattoria, percorreremo via Rudiae, via San Pietro in Lama, via Emma Indraccolo e via Manz\u00f9, per concludere con la visita guidata di <strong>Villa Mellone<\/strong>, una delle testimonianze pi\u00f9 significative del processo di riqualificazione del paesaggio agrario salentino, frutto di una radicale trasformazione, avvenuta nel 1762, di un precedente complesso masserizio. Il giro terminer\u00e0 nella centrale piazza Sant&#8217;Oronzo.\n<\/p>\n\n\n\n<p><strong>Maglie (LE)<\/strong>\n<\/p>\n\n\n\n<p>\n  Percorso di 75 km: Il percorso si svolger\u00e0 lungo il fitto intreccio di stradine secondarie, per lo pi\u00f9 asfaltate, che innervano il territorio salentino. Si attraverseranno i centri storici di Corigliano, Sternatia, Galugnano e San Donato per entrare nella periferia meridionale di Lecce. Lungo il percorso si toccheranno numerosi punti di interesse archeologico (per es. menhir), storico-architettonico (per es. Palazzo Granafei a Sternatia, Chiesa della Madonna della Neve a Galugnano) e naturalistico (Serra di Corigliano). Ogni partecipante dovr\u00e0 essere autonomo ed \u00e8 invitato a presentarsi con la bicicletta in efficienza, a indossare possibilmente il casco, a portare con s\u00e9 una borraccia d&#8217;acqua, la colazione al sacco e l&#8217;occorrente per riparare una eventuale foratura. \n<\/p>\n\n\n\n<p><strong>Grottaglie (TA)<\/strong>\n<\/p>\n\n\n\n<p>\n  Un cammino nel barocco di Grottaglie con visita al Convento di San Francesco di Paola\n<\/p>\n\n\n\n<p>\n  Via XXV Luglio, Santuario della Mutata \n<\/p>\n\n\n\n<p><strong>Palagianello (TA)<\/strong>\n<\/p>\n\n\n\n<p>\n  I baluardi della Gravina, Castello Stella Caracciolo e Santuario della Madonna delle Grazie\n<\/p>\n\n\n\n<p>\n  Piazza Alcide De Gasperi\n<\/p>\n\n\n\n<p>\n  Visto il grande successo delle visite guidate per cittadini stranieri sperimentata a Brescia,  l\u2019esperienza in collaborazione con l\u2019Associazione \u201cAmici del FAI\u201d coinvolger\u00e0, oltre a Brescia, anche Milano, Torino, Biella, Padova e Palermo, <strong>diversificando le lingue utilizzate<\/strong> nella guida in base alle diverse cittadinanze di stranieri presenti.\n<\/p>\n\n\n\n<p>\n  Il FAI ringrazia Province, Comuni, Soprintendenze, Universit\u00e0, Enti Religiosi, FIAB \u2013 Federazione Italiana Amici della Bicicletta, CAI \u2013 Club Alpino Italiano, ANGT Associazione Nazionale Guide Turistiche, le Istituzioni Pubbliche e Private, i privati cittadini e tutte le aziende che hanno voluto appoggiare la Fondazione, oltre alle 100 Delegazioni e ai 7.000 volontari che con il loro lavoro capillare e la loro collaborazione rendono possibile l\u2019evento.\n<\/p>\n\n\n\n<p>\n  I visitatori potranno avvalersi sempre da guide d\u2019eccezione: saranno, infatti, oltre 10.000 gli \u201cApprendisti Ciceroni\u201d, giovani studenti che illustreranno aspetti storico-artistici dei beni. \n<\/p>\n","protected":false},"excerpt":{"rendered":"<p>Con l\u2019arrivo della primavera e dell\u2019autunno hanno luogo gli incontri e le iniziative legate alle Giornate FAI. Due momenti dell\u2019anno in cui la prestigiosa fondazione incontra gli italiani e si ritrova da Nord a Sud della penisola, nei palazzi e nelle chiese ed in centinaia di monumenti e luoghi difficilmente accessibili. Le Giornate FAI non si caratterizzano solo per la ricchezza degli incontri e delle iniziative legate agli eventi. La sua forza sta anche e soprattutto nell\u2019entusiasmante coinvolgimento di tutti, [&hellip;]<\/p>\n","protected":false},"author":2,"featured_media":0,"parent":0,"menu_order":0,"comment_status":"closed","ping_status":"closed","template":"","meta":{"footnotes":""},"class_list":["post-2968","page","type-page","status-publish","hentry"],"yoast_head":"<!-- This site is optimized with the Yoast SEO plugin v24.7 - https:\/\/yoast.com\/wordpress\/plugins\/seo\/ -->\r\n<title>Le giornate FAI in Puglia: riscoprire e tutelare i monumenti nascosti del Salento - Eventi e Notizie del Salento<\/title>\r\n<meta name=\"robots\" content=\"index, follow, max-snippet:-1, max-image-preview:large, max-video-preview:-1\" \/>\r\n<link rel=\"canonical\" href=\"https:\/\/www.torrevado.info\/news\/index.php\/le-giornate-fai-in-puglia-riscoprire-il-salento\" \/>\r\n<meta property=\"og:locale\" content=\"it_IT\" \/>\r\n<meta property=\"og:type\" content=\"article\" \/>\r\n<meta property=\"og:title\" content=\"Le giornate FAI in Puglia: riscoprire e tutelare i monumenti nascosti del Salento - Eventi e Notizie del Salento\" \/>\r\n<meta property=\"og:description\" content=\"Con l\u2019arrivo della primavera e dell\u2019autunno hanno luogo gli incontri e le iniziative legate alle Giornate FAI. Due momenti dell\u2019anno in cui la prestigiosa fondazione incontra gli italiani e si ritrova da Nord a Sud della penisola, nei palazzi e nelle chiese ed in centinaia di monumenti e luoghi difficilmente accessibili. Le Giornate FAI non si caratterizzano solo per la ricchezza degli incontri e delle iniziative legate agli eventi. La sua forza sta anche e soprattutto nell\u2019entusiasmante coinvolgimento di tutti, [&hellip;]\" \/>\r\n<meta property=\"og:url\" content=\"https:\/\/www.torrevado.info\/news\/index.php\/le-giornate-fai-in-puglia-riscoprire-il-salento\" \/>\r\n<meta property=\"og:site_name\" content=\"Eventi e Notizie del Salento\" \/>\r\n<meta property=\"article:modified_time\" content=\"2022-10-25T10:55:30+00:00\" \/>\r\n<meta name=\"twitter:card\" content=\"summary_large_image\" \/>\r\n<meta name=\"twitter:label1\" content=\"Tempo di lettura stimato\" \/>\n\t<meta name=\"twitter:data1\" content=\"10 minuti\" \/>\r\n<script type=\"application\/ld+json\" class=\"yoast-schema-graph\">{\"@context\":\"https:\/\/schema.org\",\"@graph\":[{\"@type\":\"WebPage\",\"@id\":\"https:\/\/www.torrevado.info\/news\/index.php\/le-giornate-fai-in-puglia-riscoprire-il-salento\",\"url\":\"https:\/\/www.torrevado.info\/news\/index.php\/le-giornate-fai-in-puglia-riscoprire-il-salento\",\"name\":\"Le giornate FAI in Puglia: riscoprire e tutelare i monumenti nascosti del Salento - Eventi e Notizie del Salento\",\"isPartOf\":{\"@id\":\"https:\/\/www.torrevado.info\/news\/#website\"},\"datePublished\":\"2022-06-17T10:45:00+00:00\",\"dateModified\":\"2022-10-25T10:55:30+00:00\",\"breadcrumb\":{\"@id\":\"https:\/\/www.torrevado.info\/news\/index.php\/le-giornate-fai-in-puglia-riscoprire-il-salento#breadcrumb\"},\"inLanguage\":\"it-IT\",\"potentialAction\":[{\"@type\":\"ReadAction\",\"target\":[\"https:\/\/www.torrevado.info\/news\/index.php\/le-giornate-fai-in-puglia-riscoprire-il-salento\"]}]},{\"@type\":\"BreadcrumbList\",\"@id\":\"https:\/\/www.torrevado.info\/news\/index.php\/le-giornate-fai-in-puglia-riscoprire-il-salento#breadcrumb\",\"itemListElement\":[{\"@type\":\"ListItem\",\"position\":1,\"name\":\"Home\",\"item\":\"https:\/\/www.torrevado.info\/news\"},{\"@type\":\"ListItem\",\"position\":2,\"name\":\"Le giornate FAI in Puglia: riscoprire e tutelare i monumenti nascosti del Salento\"}]},{\"@type\":\"WebSite\",\"@id\":\"https:\/\/www.torrevado.info\/news\/#website\",\"url\":\"https:\/\/www.torrevado.info\/news\/\",\"name\":\"Eventi e Notizie del Salento\",\"description\":\"\",\"potentialAction\":[{\"@type\":\"SearchAction\",\"target\":{\"@type\":\"EntryPoint\",\"urlTemplate\":\"https:\/\/www.torrevado.info\/news\/?s={search_term_string}\"},\"query-input\":{\"@type\":\"PropertyValueSpecification\",\"valueRequired\":true,\"valueName\":\"search_term_string\"}}],\"inLanguage\":\"it-IT\"}]}<\/script>\r\n<!-- \/ Yoast SEO plugin. -->","yoast_head_json":{"title":"Le giornate FAI in Puglia: riscoprire e tutelare i monumenti nascosti del Salento - Eventi e Notizie del Salento","robots":{"index":"index","follow":"follow","max-snippet":"max-snippet:-1","max-image-preview":"max-image-preview:large","max-video-preview":"max-video-preview:-1"},"canonical":"https:\/\/www.torrevado.info\/news\/index.php\/le-giornate-fai-in-puglia-riscoprire-il-salento","og_locale":"it_IT","og_type":"article","og_title":"Le giornate FAI in Puglia: riscoprire e tutelare i monumenti nascosti del Salento - Eventi e Notizie del Salento","og_description":"Con l\u2019arrivo della primavera e dell\u2019autunno hanno luogo gli incontri e le iniziative legate alle Giornate FAI. Due momenti dell\u2019anno in cui la prestigiosa fondazione incontra gli italiani e si ritrova da Nord a Sud della penisola, nei palazzi e nelle chiese ed in centinaia di monumenti e luoghi difficilmente accessibili. Le Giornate FAI non si caratterizzano solo per la ricchezza degli incontri e delle iniziative legate agli eventi. La sua forza sta anche e soprattutto nell\u2019entusiasmante coinvolgimento di tutti, [&hellip;]","og_url":"https:\/\/www.torrevado.info\/news\/index.php\/le-giornate-fai-in-puglia-riscoprire-il-salento","og_site_name":"Eventi e Notizie del Salento","article_modified_time":"2022-10-25T10:55:30+00:00","twitter_card":"summary_large_image","twitter_misc":{"Tempo di lettura stimato":"10 minuti"},"schema":{"@context":"https:\/\/schema.org","@graph":[{"@type":"WebPage","@id":"https:\/\/www.torrevado.info\/news\/index.php\/le-giornate-fai-in-puglia-riscoprire-il-salento","url":"https:\/\/www.torrevado.info\/news\/index.php\/le-giornate-fai-in-puglia-riscoprire-il-salento","name":"Le giornate FAI in Puglia: riscoprire e tutelare i monumenti nascosti del Salento - Eventi e Notizie del Salento","isPartOf":{"@id":"https:\/\/www.torrevado.info\/news\/#website"},"datePublished":"2022-06-17T10:45:00+00:00","dateModified":"2022-10-25T10:55:30+00:00","breadcrumb":{"@id":"https:\/\/www.torrevado.info\/news\/index.php\/le-giornate-fai-in-puglia-riscoprire-il-salento#breadcrumb"},"inLanguage":"it-IT","potentialAction":[{"@type":"ReadAction","target":["https:\/\/www.torrevado.info\/news\/index.php\/le-giornate-fai-in-puglia-riscoprire-il-salento"]}]},{"@type":"BreadcrumbList","@id":"https:\/\/www.torrevado.info\/news\/index.php\/le-giornate-fai-in-puglia-riscoprire-il-salento#breadcrumb","itemListElement":[{"@type":"ListItem","position":1,"name":"Home","item":"https:\/\/www.torrevado.info\/news"},{"@type":"ListItem","position":2,"name":"Le giornate FAI in Puglia: riscoprire e tutelare i monumenti nascosti del Salento"}]},{"@type":"WebSite","@id":"https:\/\/www.torrevado.info\/news\/#website","url":"https:\/\/www.torrevado.info\/news\/","name":"Eventi e Notizie del Salento","description":"","potentialAction":[{"@type":"SearchAction","target":{"@type":"EntryPoint","urlTemplate":"https:\/\/www.torrevado.info\/news\/?s={search_term_string}"},"query-input":{"@type":"PropertyValueSpecification","valueRequired":true,"valueName":"search_term_string"}}],"inLanguage":"it-IT"}]}},"_links":{"self":[{"href":"https:\/\/www.torrevado.info\/news\/index.php\/wp-json\/wp\/v2\/pages\/2968","targetHints":{"allow":["GET"]}}],"collection":[{"href":"https:\/\/www.torrevado.info\/news\/index.php\/wp-json\/wp\/v2\/pages"}],"about":[{"href":"https:\/\/www.torrevado.info\/news\/index.php\/wp-json\/wp\/v2\/types\/page"}],"author":[{"embeddable":true,"href":"https:\/\/www.torrevado.info\/news\/index.php\/wp-json\/wp\/v2\/users\/2"}],"replies":[{"embeddable":true,"href":"https:\/\/www.torrevado.info\/news\/index.php\/wp-json\/wp\/v2\/comments?post=2968"}],"version-history":[{"count":0,"href":"https:\/\/www.torrevado.info\/news\/index.php\/wp-json\/wp\/v2\/pages\/2968\/revisions"}],"wp:attachment":[{"href":"https:\/\/www.torrevado.info\/news\/index.php\/wp-json\/wp\/v2\/media?parent=2968"}],"curies":[{"name":"wp","href":"https:\/\/api.w.org\/{rel}","templated":true}]}}