{"id":3401,"date":"2025-05-23T10:47:24","date_gmt":"2025-05-23T08:47:24","guid":{"rendered":"https:\/\/www.torrevado.info\/news\/?page_id=3401"},"modified":"2025-05-23T10:48:18","modified_gmt":"2025-05-23T08:48:18","slug":"cortili-aperti-a-lecce-meraviglie-tra-portoni-che-si-schiudono-e-la-storia-che-rivive","status":"publish","type":"page","link":"https:\/\/www.torrevado.info\/news\/index.php\/cortili-aperti-a-lecce-meraviglie-tra-portoni-che-si-schiudono-e-la-storia-che-rivive","title":{"rendered":"Cortili Aperti a Lecce: meraviglie tra portoni che si schiudono e la storia che rivive"},"content":{"rendered":"\n<p>Hai mai sognato di aprire un antico portone barocco e trovarti in un cortile segreto, avvolto dal profumo degli agrumi e dalle armonie di vecchie storie? A Lecce, questo sogno prende vita con Cortili Aperti, un\u2019edizione straordinariamente bella e che da anni svela ai visitatori il lato pi\u00f9 intimo e nascosto della citt\u00e0.<\/p>\n\n\n<div class=\"wp-block-image\">\n<figure class=\"aligncenter size-full\"><img loading=\"lazy\" decoding=\"async\" width=\"600\" height=\"399\" src=\"https:\/\/www.torrevado.info\/news\/wp-content\/uploads\/2008\/11\/santa-croce-lecce.jpg\" alt=\"\" class=\"wp-image-556\"\/><\/figure><\/div>\n\n\n<p>Siamo in Salento e per domenica 25 maggio 2025 infatti ritorna uno degli appuntamenti culturali pi\u00f9 amati, capace di emozionare e meravigliare per le sorprese che ci presenta.<\/p>\n\n\n\n<p>Per un solo giorno, dalle 10,00 alle 13,00 e dalle 16,30 alle 20,30, le pi\u00f9 belle dimore storiche di Lecce e della provincia aprono le loro porte gratuitamente, regalando esperienze uniche tra architettura, musica, arte e tradizione.<\/p>\n\n\n\n<p>nell\u2019ambito della XV edizione della \u201cGiornata nazionale dell\u2019Associazione Dimore Storiche Italiane\u201d<\/p>\n\n\n\n<p><strong>Un viaggio nel tempo grazie all\u2019Associazione Dimore Storiche Italiane<\/strong><\/p>\n\n\n\n<p>Questo evento speciale rientra nell\u2019ambito della XV edizione della Giornata Nazionale delle Dimore Storiche Italiane. L\u2019A.D.S.I. <strong>Associazione Dimore Storiche Italiane <\/strong> ogni anno invita tutti a scoprire il pi\u00f9 grande museo diffuso d\u2019Italia: oltre 500 tra palazzi, ville, castelli e giardini sparsi per la penisola aprono gratuitamente le porte, in una celebrazione collettiva del nostro patrimonio pi\u00f9 autentico.<\/p>\n\n\n\n<p>L\u2019A.D.S.I. riunisce pi\u00f9 di 4.500 proprietari di immobili storici in tutta Italia, impegnati ogni giorno a conservare e valorizzare luoghi che raccontano secoli di storia e cultura. E Lecce \u00e8 sicuramente una delle punte di diamante di questo progetto.<\/p>\n\n\n\n<p><strong>Nel cuore di Lecce domenica 25 maggio 2025: tanti cortili, un solo incanto<\/strong><\/p>\n\n\n\n<p>Cortili Aperti a Lecce organizzata dalla sezione Puglia di ASDI con il supporto del Comune, sar\u00e0 quest\u2019anno una festa straordinaria. Per la sua trentesima edizione lungo le vie del centro storico, ben 30 tra palazzi, chiese, giardini e chiostri si lasceranno scoprire, offrendo non solo bellezza architettonica, ma anche un programma ricchissimo di eventi.<\/p>\n\n\n\n<p>Ogni angolo del centro si animer\u00e0 con spettacoli, musica, artigianato e performance dal vivo e anche visite guidate.<\/p>\n\n\n\n<p><strong>Cortili aperti un tutto il Salento: il fascino continua<\/strong><\/p>\n\n\n\n<p>Anche la provincia apre i suoi scrigni in occasione della giornata nazionale delle Dimore storiche:<\/p>\n\n\n\n<p>Ecco dove andare tra i paesini del Salento<\/p>\n\n\n\n<p>Cavallino \u2013 Palazzo Ducale dei Castromediano, frantoio ipogeo e chiostro dei Domenicani<\/p>\n\n\n\n<p>Sternatia \u2013 Palazzo Marchesale Granafei<\/p>\n\n\n\n<p>Minervino di Lecce \u2013 Palazzo Ducale Venturi<\/p>\n\n\n\n<p>Casamassella \u2013 Castello + degustazioni e tessitura tradizionale<\/p>\n\n\n\n<p>Depressa (Tricase) \u2013 Cantina ottocentesca \u201cCastel di Salve\u201d (con pranzo su prenotazione)<\/p>\n\n\n\n<p>Santa Maria di Leuca \u2013 Villa La Meridiana<\/p>\n\n\n\n<p><a href=\"https:\/\/www.torrevado.info\/news\/index.php\/una-vacanza-a-gallipoli-tra-spiagge-natura-e-storia\">Gallipoli<\/a> \u2013 Palazzo Briganti<\/p>\n\n\n\n<p>Tiggiano \u2013 Palazzo Baronale Serafini-Sauli<\/p>\n\n\n\n<p>Alessano \u2013 Palazzo Ducale (solo la mattina)<\/p>\n\n\n\n<p><strong>Cortili Aperti 2025 nella provincia di Brindisi<\/strong><\/p>\n\n\n\n<p>Francavilla Fontana \u2013 Palazzo Resta Barbaro-Forleo Braccio<\/p>\n\n\n\n<p>San Pietro Vernotico \u2013 Masseria Torleanzi<\/p>\n\n\n\n<p>San Vito dei Normanni \u2013 Castello Dentice di Frasso<\/p>\n\n\n\n<p><strong>Giovani, scuole e nuova linfa per la storia<\/strong><\/p>\n\n\n\n<p>A rendere tutto ancora pi\u00f9 speciale \u00e8 la partecipazione attiva di tanti studenti e istituti scolastici, che accolgono i visitatori, raccontano i luoghi e animano le visite con laboratori e attivit\u00e0.<\/p>\n\n\n\n<p><strong>Un invito a vivere il Salento con occhi nuovi<\/strong><\/p>\n\n\n\n<p>Cortili Aperti nel Salento \u00e8 un\u2019esperienza emozionante, che ci ricorda quanto la bellezza e la cultura siano vive, se condivise. Se stai programmando un viaggio nel Salento, questo \u00e8 il momento perfetto per unire relax, scoperta e meraviglia autentica.<\/p>\n\n\n\n<p>E noi di TorreVado.info, che ogni giorno ci impegniamo per valorizzare il territorio anche attraverso l\u2019ospitalit\u00e0 nelle nostre case a corte e nei beb del centro storico, ti invitiamo a vivere un Salento diverso: fatto di pietra, arte e silenzi preziosi.<\/p>\n\n\n\n<p><a href=\"https:\/\/www.torrevado.info\/affitti_salento\/\" target=\"_blank\" rel=\"noreferrer noopener\">Scopri le proposte su TorreVado.info<\/a> \u2013 la tua vacanza inizia qui.<\/p>\n\n\n\n<p><\/p>\n","protected":false},"excerpt":{"rendered":"<p>Hai mai sognato di aprire un antico portone barocco e trovarti in un cortile segreto, avvolto dal profumo degli agrumi e dalle armonie di vecchie storie? A Lecce, questo sogno prende vita con Cortili Aperti, un\u2019edizione straordinariamente bella e che da anni svela ai visitatori il lato pi\u00f9 intimo e nascosto della citt\u00e0. Siamo in Salento e per domenica 25 maggio 2025 infatti ritorna uno degli appuntamenti culturali pi\u00f9 amati, capace di emozionare e meravigliare per le sorprese che ci [&hellip;]<\/p>\n","protected":false},"author":2,"featured_media":0,"parent":0,"menu_order":0,"comment_status":"closed","ping_status":"closed","template":"","meta":{"footnotes":""},"class_list":["post-3401","page","type-page","status-publish","hentry"],"yoast_head":"<!-- This site is optimized with the Yoast SEO plugin v24.7 - https:\/\/yoast.com\/wordpress\/plugins\/seo\/ -->\r\n<title>Cortili Aperti a Lecce: meraviglie tra portoni che si schiudono e la storia che rivive - Eventi e Notizie del Salento<\/title>\r\n<meta name=\"description\" content=\"Hai mai sognato di aprire un antico portone barocco e trovarti in un cortile segreto, avvolto dal profumo degli agrumi e dalle armonie di vecchie storie? A Lecce, questo sogno prende vita con Cortili Aperti, un\u2019edizione straordinariamente bella e che da anni svela ai visitatori il lato pi\u00f9 intimo e nascosto della citt\u00e0.\" \/>\r\n<meta name=\"robots\" content=\"index, follow, max-snippet:-1, max-image-preview:large, max-video-preview:-1\" \/>\r\n<link rel=\"canonical\" href=\"https:\/\/www.torrevado.info\/news\/index.php\/cortili-aperti-a-lecce-meraviglie-tra-portoni-che-si-schiudono-e-la-storia-che-rivive\" \/>\r\n<meta property=\"og:locale\" content=\"it_IT\" \/>\r\n<meta property=\"og:type\" content=\"article\" \/>\r\n<meta property=\"og:title\" content=\"Cortili Aperti a Lecce: meraviglie tra portoni che si schiudono e la storia che rivive - Eventi e Notizie del Salento\" \/>\r\n<meta property=\"og:description\" content=\"Hai mai sognato di aprire un antico portone barocco e trovarti in un cortile segreto, avvolto dal profumo degli agrumi e dalle armonie di vecchie storie? A Lecce, questo sogno prende vita con Cortili Aperti, un\u2019edizione straordinariamente bella e che da anni svela ai visitatori il lato pi\u00f9 intimo e nascosto della citt\u00e0.\" \/>\r\n<meta property=\"og:url\" content=\"https:\/\/www.torrevado.info\/news\/index.php\/cortili-aperti-a-lecce-meraviglie-tra-portoni-che-si-schiudono-e-la-storia-che-rivive\" \/>\r\n<meta property=\"og:site_name\" content=\"Eventi e Notizie del Salento\" \/>\r\n<meta property=\"article:modified_time\" content=\"2025-05-23T08:48:18+00:00\" \/>\r\n<meta property=\"og:image\" content=\"https:\/\/www.torrevado.info\/news\/wp-content\/uploads\/2008\/11\/santa-croce-lecce.jpg\" \/>\r\n\t<meta property=\"og:image:width\" content=\"600\" \/>\r\n\t<meta property=\"og:image:height\" content=\"399\" \/>\r\n\t<meta property=\"og:image:type\" content=\"image\/jpeg\" \/>\r\n<meta name=\"twitter:card\" content=\"summary_large_image\" \/>\r\n<meta name=\"twitter:label1\" content=\"Tempo di lettura stimato\" \/>\n\t<meta name=\"twitter:data1\" content=\"3 minuti\" \/>\r\n<script type=\"application\/ld+json\" class=\"yoast-schema-graph\">{\"@context\":\"https:\/\/schema.org\",\"@graph\":[{\"@type\":\"WebPage\",\"@id\":\"https:\/\/www.torrevado.info\/news\/index.php\/cortili-aperti-a-lecce-meraviglie-tra-portoni-che-si-schiudono-e-la-storia-che-rivive\",\"url\":\"https:\/\/www.torrevado.info\/news\/index.php\/cortili-aperti-a-lecce-meraviglie-tra-portoni-che-si-schiudono-e-la-storia-che-rivive\",\"name\":\"Cortili Aperti a Lecce: meraviglie tra portoni che si schiudono e la storia che rivive - Eventi e Notizie del Salento\",\"isPartOf\":{\"@id\":\"https:\/\/www.torrevado.info\/news\/#website\"},\"primaryImageOfPage\":{\"@id\":\"https:\/\/www.torrevado.info\/news\/index.php\/cortili-aperti-a-lecce-meraviglie-tra-portoni-che-si-schiudono-e-la-storia-che-rivive#primaryimage\"},\"image\":{\"@id\":\"https:\/\/www.torrevado.info\/news\/index.php\/cortili-aperti-a-lecce-meraviglie-tra-portoni-che-si-schiudono-e-la-storia-che-rivive#primaryimage\"},\"thumbnailUrl\":\"https:\/\/www.torrevado.info\/news\/wp-content\/uploads\/2008\/11\/santa-croce-lecce.jpg\",\"datePublished\":\"2025-05-23T08:47:24+00:00\",\"dateModified\":\"2025-05-23T08:48:18+00:00\",\"description\":\"Hai mai sognato di aprire un antico portone barocco e trovarti in un cortile segreto, avvolto dal profumo degli agrumi e dalle armonie di vecchie storie? A Lecce, questo sogno prende vita con Cortili Aperti, un\u2019edizione straordinariamente bella e che da anni svela ai visitatori il lato pi\u00f9 intimo e nascosto della citt\u00e0.\",\"breadcrumb\":{\"@id\":\"https:\/\/www.torrevado.info\/news\/index.php\/cortili-aperti-a-lecce-meraviglie-tra-portoni-che-si-schiudono-e-la-storia-che-rivive#breadcrumb\"},\"inLanguage\":\"it-IT\",\"potentialAction\":[{\"@type\":\"ReadAction\",\"target\":[\"https:\/\/www.torrevado.info\/news\/index.php\/cortili-aperti-a-lecce-meraviglie-tra-portoni-che-si-schiudono-e-la-storia-che-rivive\"]}]},{\"@type\":\"ImageObject\",\"inLanguage\":\"it-IT\",\"@id\":\"https:\/\/www.torrevado.info\/news\/index.php\/cortili-aperti-a-lecce-meraviglie-tra-portoni-che-si-schiudono-e-la-storia-che-rivive#primaryimage\",\"url\":\"https:\/\/www.torrevado.info\/news\/wp-content\/uploads\/2008\/11\/santa-croce-lecce.jpg\",\"contentUrl\":\"https:\/\/www.torrevado.info\/news\/wp-content\/uploads\/2008\/11\/santa-croce-lecce.jpg\"},{\"@type\":\"BreadcrumbList\",\"@id\":\"https:\/\/www.torrevado.info\/news\/index.php\/cortili-aperti-a-lecce-meraviglie-tra-portoni-che-si-schiudono-e-la-storia-che-rivive#breadcrumb\",\"itemListElement\":[{\"@type\":\"ListItem\",\"position\":1,\"name\":\"Home\",\"item\":\"https:\/\/www.torrevado.info\/news\"},{\"@type\":\"ListItem\",\"position\":2,\"name\":\"Cortili Aperti a Lecce: meraviglie tra portoni che si schiudono e la storia che rivive\"}]},{\"@type\":\"WebSite\",\"@id\":\"https:\/\/www.torrevado.info\/news\/#website\",\"url\":\"https:\/\/www.torrevado.info\/news\/\",\"name\":\"Eventi e Notizie del Salento\",\"description\":\"\",\"potentialAction\":[{\"@type\":\"SearchAction\",\"target\":{\"@type\":\"EntryPoint\",\"urlTemplate\":\"https:\/\/www.torrevado.info\/news\/?s={search_term_string}\"},\"query-input\":{\"@type\":\"PropertyValueSpecification\",\"valueRequired\":true,\"valueName\":\"search_term_string\"}}],\"inLanguage\":\"it-IT\"}]}<\/script>\r\n<!-- \/ Yoast SEO plugin. -->","yoast_head_json":{"title":"Cortili Aperti a Lecce: meraviglie tra portoni che si schiudono e la storia che rivive - Eventi e Notizie del Salento","description":"Hai mai sognato di aprire un antico portone barocco e trovarti in un cortile segreto, avvolto dal profumo degli agrumi e dalle armonie di vecchie storie? A Lecce, questo sogno prende vita con Cortili Aperti, un\u2019edizione straordinariamente bella e che da anni svela ai visitatori il lato pi\u00f9 intimo e nascosto della citt\u00e0.","robots":{"index":"index","follow":"follow","max-snippet":"max-snippet:-1","max-image-preview":"max-image-preview:large","max-video-preview":"max-video-preview:-1"},"canonical":"https:\/\/www.torrevado.info\/news\/index.php\/cortili-aperti-a-lecce-meraviglie-tra-portoni-che-si-schiudono-e-la-storia-che-rivive","og_locale":"it_IT","og_type":"article","og_title":"Cortili Aperti a Lecce: meraviglie tra portoni che si schiudono e la storia che rivive - Eventi e Notizie del Salento","og_description":"Hai mai sognato di aprire un antico portone barocco e trovarti in un cortile segreto, avvolto dal profumo degli agrumi e dalle armonie di vecchie storie? A Lecce, questo sogno prende vita con Cortili Aperti, un\u2019edizione straordinariamente bella e che da anni svela ai visitatori il lato pi\u00f9 intimo e nascosto della citt\u00e0.","og_url":"https:\/\/www.torrevado.info\/news\/index.php\/cortili-aperti-a-lecce-meraviglie-tra-portoni-che-si-schiudono-e-la-storia-che-rivive","og_site_name":"Eventi e Notizie del Salento","article_modified_time":"2025-05-23T08:48:18+00:00","og_image":[{"width":600,"height":399,"url":"https:\/\/www.torrevado.info\/news\/wp-content\/uploads\/2008\/11\/santa-croce-lecce.jpg","type":"image\/jpeg"}],"twitter_card":"summary_large_image","twitter_misc":{"Tempo di lettura stimato":"3 minuti"},"schema":{"@context":"https:\/\/schema.org","@graph":[{"@type":"WebPage","@id":"https:\/\/www.torrevado.info\/news\/index.php\/cortili-aperti-a-lecce-meraviglie-tra-portoni-che-si-schiudono-e-la-storia-che-rivive","url":"https:\/\/www.torrevado.info\/news\/index.php\/cortili-aperti-a-lecce-meraviglie-tra-portoni-che-si-schiudono-e-la-storia-che-rivive","name":"Cortili Aperti a Lecce: meraviglie tra portoni che si schiudono e la storia che rivive - Eventi e Notizie del Salento","isPartOf":{"@id":"https:\/\/www.torrevado.info\/news\/#website"},"primaryImageOfPage":{"@id":"https:\/\/www.torrevado.info\/news\/index.php\/cortili-aperti-a-lecce-meraviglie-tra-portoni-che-si-schiudono-e-la-storia-che-rivive#primaryimage"},"image":{"@id":"https:\/\/www.torrevado.info\/news\/index.php\/cortili-aperti-a-lecce-meraviglie-tra-portoni-che-si-schiudono-e-la-storia-che-rivive#primaryimage"},"thumbnailUrl":"https:\/\/www.torrevado.info\/news\/wp-content\/uploads\/2008\/11\/santa-croce-lecce.jpg","datePublished":"2025-05-23T08:47:24+00:00","dateModified":"2025-05-23T08:48:18+00:00","description":"Hai mai sognato di aprire un antico portone barocco e trovarti in un cortile segreto, avvolto dal profumo degli agrumi e dalle armonie di vecchie storie? A Lecce, questo sogno prende vita con Cortili Aperti, un\u2019edizione straordinariamente bella e che da anni svela ai visitatori il lato pi\u00f9 intimo e nascosto della citt\u00e0.","breadcrumb":{"@id":"https:\/\/www.torrevado.info\/news\/index.php\/cortili-aperti-a-lecce-meraviglie-tra-portoni-che-si-schiudono-e-la-storia-che-rivive#breadcrumb"},"inLanguage":"it-IT","potentialAction":[{"@type":"ReadAction","target":["https:\/\/www.torrevado.info\/news\/index.php\/cortili-aperti-a-lecce-meraviglie-tra-portoni-che-si-schiudono-e-la-storia-che-rivive"]}]},{"@type":"ImageObject","inLanguage":"it-IT","@id":"https:\/\/www.torrevado.info\/news\/index.php\/cortili-aperti-a-lecce-meraviglie-tra-portoni-che-si-schiudono-e-la-storia-che-rivive#primaryimage","url":"https:\/\/www.torrevado.info\/news\/wp-content\/uploads\/2008\/11\/santa-croce-lecce.jpg","contentUrl":"https:\/\/www.torrevado.info\/news\/wp-content\/uploads\/2008\/11\/santa-croce-lecce.jpg"},{"@type":"BreadcrumbList","@id":"https:\/\/www.torrevado.info\/news\/index.php\/cortili-aperti-a-lecce-meraviglie-tra-portoni-che-si-schiudono-e-la-storia-che-rivive#breadcrumb","itemListElement":[{"@type":"ListItem","position":1,"name":"Home","item":"https:\/\/www.torrevado.info\/news"},{"@type":"ListItem","position":2,"name":"Cortili Aperti a Lecce: meraviglie tra portoni che si schiudono e la storia che rivive"}]},{"@type":"WebSite","@id":"https:\/\/www.torrevado.info\/news\/#website","url":"https:\/\/www.torrevado.info\/news\/","name":"Eventi e Notizie del Salento","description":"","potentialAction":[{"@type":"SearchAction","target":{"@type":"EntryPoint","urlTemplate":"https:\/\/www.torrevado.info\/news\/?s={search_term_string}"},"query-input":{"@type":"PropertyValueSpecification","valueRequired":true,"valueName":"search_term_string"}}],"inLanguage":"it-IT"}]}},"_links":{"self":[{"href":"https:\/\/www.torrevado.info\/news\/index.php\/wp-json\/wp\/v2\/pages\/3401","targetHints":{"allow":["GET"]}}],"collection":[{"href":"https:\/\/www.torrevado.info\/news\/index.php\/wp-json\/wp\/v2\/pages"}],"about":[{"href":"https:\/\/www.torrevado.info\/news\/index.php\/wp-json\/wp\/v2\/types\/page"}],"author":[{"embeddable":true,"href":"https:\/\/www.torrevado.info\/news\/index.php\/wp-json\/wp\/v2\/users\/2"}],"replies":[{"embeddable":true,"href":"https:\/\/www.torrevado.info\/news\/index.php\/wp-json\/wp\/v2\/comments?post=3401"}],"version-history":[{"count":1,"href":"https:\/\/www.torrevado.info\/news\/index.php\/wp-json\/wp\/v2\/pages\/3401\/revisions"}],"predecessor-version":[{"id":3402,"href":"https:\/\/www.torrevado.info\/news\/index.php\/wp-json\/wp\/v2\/pages\/3401\/revisions\/3402"}],"wp:attachment":[{"href":"https:\/\/www.torrevado.info\/news\/index.php\/wp-json\/wp\/v2\/media?parent=3401"}],"curies":[{"name":"wp","href":"https:\/\/api.w.org\/{rel}","templated":true}]}}